{"id":12,"date":"2015-04-17T11:42:28","date_gmt":"2015-04-17T11:42:28","guid":{"rendered":"http:\/\/www.anarieldesign.com\/themedemos\/maisha\/?page_id=12"},"modified":"2024-05-10T17:54:46","modified_gmt":"2024-05-10T15:54:46","slug":"blog","status":"publish","type":"page","link":"https:\/\/metteheintz.com\/en_gb\/blog\/","title":{"rendered":"Read my articles"},"content":{"rendered":"<h1 class=\"wp-block-heading alignwide\">Read my articles<\/h1>\n\n\n\t<div\n\t\tclass=\"wp-block-newspack-blocks-homepage-articles alignwide  wpnbha show-image image-aligntop ts-4 is-3 is-landscape  has-text-align-left\"\n\t\tstyle=\"\"\n\t\t>\n\t\t\t\t\t<style id=\"newspack-blocks-inline-css\" type=\"text\/css\">\t\t.wp-block-newspack-blocks-homepage-articles article .entry-title {\n\t\t\tfont-size: 1.2em;\n\t\t}\n\t\t.wp-block-newspack-blocks-homepage-articles .entry-meta {\n\t\t\tdisplay: flex;\n\t\t\tflex-wrap: wrap;\n\t\t\talign-items: center;\n\t\t\tmargin-top: 0.5em;\n\t\t}\n\t\t.wp-block-newspack-blocks-homepage-articles article .entry-meta {\n\t\t\tfont-size: 0.8em;\n\t\t}\n\t\t.wp-block-newspack-blocks-homepage-articles article .avatar {\n\t\t\theight: 25px;\n\t\t\twidth: 25px;\n\t\t}\n\t\t.wp-block-newspack-blocks-homepage-articles .post-thumbnail{\n\t\t\tmargin: 0;\n\t\t\tmargin-bottom: 0.25em;\n\t\t}\n\t\t.wp-block-newspack-blocks-homepage-articles .post-thumbnail img {\n\t\t\theight: auto;\n\t\t\twidth: 100%;\n\t\t}\n\t\t.wp-block-newspack-blocks-homepage-articles .post-thumbnail figcaption {\n\t\t\tmargin-bottom: 0.5em;\n\t\t}\n\t\t.wp-block-newspack-blocks-homepage-articles p {\n\t\t\tmargin: 0.5em 0;\n\t\t}\n\n\t\t\t<\/style>\n\t\t\t\t<div data-posts data-current-post-id=\"12\">\n\t\t\t\t\t\t\n\t<article data-post-id=\"5487\"\n\t\tclass=\"tag-diagnose tag-foraelder tag-foraeldre tag-fordomme tag-hverdag tag-neurodivergent tag-neurotypisk tag-saerlige-behov tag-selvforstaelse tag-skjold tag-teenager tag-tourette tag-ung category-artikel category-saerlige-behov category-tics-saerlige-behov type-post post-has-image\"\n\t\t\t\t>\n\t\t\t\t\t\t\t<figure class=\"post-thumbnail\">\n\t\t\t\t\t\t\t\t<a href=\"https:\/\/metteheintz.com\/en_gb\/2023\/10\/26\/5487\/\" rel=\"bookmark\" tabindex=\"-1\" aria-hidden=\"true\">\n\t\t\t\t\t\t\t\t\t\t\t\t<img loading=\"lazy\" decoding=\"async\" width=\"800\" height=\"600\" src=\"https:\/\/i0.wp.com\/metteheintz.com\/wp-content\/uploads\/2023\/10\/tourette-syndrome-7194133_1280.jpg?resize=800%2C600&amp;ssl=1\" class=\"attachment-newspack-article-block-landscape-medium size-newspack-article-block-landscape-medium wp-post-image\" alt=\"Hverdagen for unge, der lever med tics\" data-hero-candidate=\"1\" data-attachment-id=\"5489\" data-permalink=\"https:\/\/metteheintz.com\/en_gb\/2023\/10\/26\/5487\/tourette-syndrome-7194133_1280\/\" data-orig-file=\"https:\/\/i0.wp.com\/metteheintz.com\/wp-content\/uploads\/2023\/10\/tourette-syndrome-7194133_1280.jpg?fit=1280%2C853&amp;ssl=1\" data-orig-size=\"1280,853\" data-comments-opened=\"1\" data-image-meta=\"{&quot;aperture&quot;:&quot;0&quot;,&quot;credit&quot;:&quot;&quot;,&quot;camera&quot;:&quot;&quot;,&quot;caption&quot;:&quot;&quot;,&quot;created_timestamp&quot;:&quot;0&quot;,&quot;copyright&quot;:&quot;&quot;,&quot;focal_length&quot;:&quot;0&quot;,&quot;iso&quot;:&quot;0&quot;,&quot;shutter_speed&quot;:&quot;0&quot;,&quot;title&quot;:&quot;&quot;,&quot;orientation&quot;:&quot;0&quot;}\" data-image-title=\"tourette-syndrome-7194133_1280\" data-image-description=\"\" data-image-caption=\"\" data-large-file=\"https:\/\/i0.wp.com\/metteheintz.com\/wp-content\/uploads\/2023\/10\/tourette-syndrome-7194133_1280.jpg?fit=1024%2C682&amp;ssl=1\" \/>\t\t\t\t\t\t\t\t\t\t\t\t<\/a>\n\t\t\t\t\n\t\t\t\t\t\t\t<\/figure><!-- .featured-image -->\n\t\t\n\t\t<div class=\"entry-wrapper\">\n\t\t\t<h2 class=\"entry-title\"><a href=\"https:\/\/metteheintz.com\/en_gb\/2023\/10\/26\/5487\/\" rel=\"bookmark\">Hverdagen for unge, der lever med tics<\/a><\/h2>\t\t\t\t\t\t<p>Hverdagen for unge, der lever med tics For\u00e6ldre og tics har stor betydning for de unges selvforst\u00e5else Tics var et ord jeg l\u00e6rte af kende, da min \u00e6ldste s\u00f8n startede i folkeskolen for 11 \u00e5r siden. Siden har tics v\u00e6ret og er en vigtig deltager i forst\u00e5elsen af min egen opv\u00e6kst, min familie og i\u2026<\/p>\n\t\t\t\t<div class=\"entry-meta\">\n\t\t\t\t\t<a href=\"https:\/\/metteheintz.com\/en_gb\/author\/metteheintz\/\"><img alt='metteheintz&#039;s avatar' src='https:\/\/secure.gravatar.com\/avatar\/ebb0edd6d9397526e4a864adb976339a842ff661649c485f5a5f5a976e3bc29b?s=48&#038;d=identicon&#038;r=g' srcset='https:\/\/secure.gravatar.com\/avatar\/ebb0edd6d9397526e4a864adb976339a842ff661649c485f5a5f5a976e3bc29b?s=96&#038;d=identicon&#038;r=g 2x' class='avatar avatar-48 photo' height='48' width='48' \/><\/a>\t\t\t\t\t\t<span class=\"byline\">\n\t\t\t\t\t\t\t<span class=\"author-prefix\">by<\/span> <span class=\"author vcard\"><a class=\"url fn n\" href=\"https:\/\/metteheintz.com\/en_gb\/author\/metteheintz\/\">metteheintz<\/a><\/span>\t\t\t\t\t\t<\/span><!-- .author-name -->\n\t\t\t\t\t\t<time class=\"entry-date published\" datetime=\"2023-10-26T15:20:59+02:00\">26. October 2023<\/time><time class=\"updated\" datetime=\"2023-11-02T12:54:24+01:00\">2. November 2023<\/time>\t\t\t\t<\/div><!-- .entry-meta -->\n\t\t\t\t\t<\/div><!-- .entry-wrapper -->\n\t<\/article>\n\n\t\t\t\t<\/div>\n\t\t\n\t<\/div>","protected":false},"excerpt":{"rendered":"<p>Read my articles<\/p>","protected":false},"author":106558995,"featured_media":0,"parent":0,"menu_order":0,"comment_status":"closed","ping_status":"open","template":"","meta":{"_coblocks_attr":"","_coblocks_dimensions":"","_coblocks_responsive_height":"","_coblocks_accordion_ie_support":"","_crdt_document":"","advanced_seo_description":"","jetpack_seo_html_title":"","jetpack_seo_noindex":false,"footnotes":""},"class_list":["post-12","page","type-page","status-publish","hentry"],"jetpack_likes_enabled":true,"jetpack_sharing_enabled":true,"jetpack_shortlink":"https:\/\/wp.me\/PbL8ya-c","jetpack-related-posts":[],"_links":{"self":[{"href":"https:\/\/metteheintz.com\/en_gb\/wp-json\/wp\/v2\/pages\/12","targetHints":{"allow":["GET"]}}],"collection":[{"href":"https:\/\/metteheintz.com\/en_gb\/wp-json\/wp\/v2\/pages"}],"about":[{"href":"https:\/\/metteheintz.com\/en_gb\/wp-json\/wp\/v2\/types\/page"}],"author":[{"embeddable":true,"href":"https:\/\/metteheintz.com\/en_gb\/wp-json\/wp\/v2\/users\/106558995"}],"replies":[{"embeddable":true,"href":"https:\/\/metteheintz.com\/en_gb\/wp-json\/wp\/v2\/comments?post=12"}],"version-history":[{"count":18,"href":"https:\/\/metteheintz.com\/en_gb\/wp-json\/wp\/v2\/pages\/12\/revisions"}],"predecessor-version":[{"id":6180,"href":"https:\/\/metteheintz.com\/en_gb\/wp-json\/wp\/v2\/pages\/12\/revisions\/6180"}],"wp:attachment":[{"href":"https:\/\/metteheintz.com\/en_gb\/wp-json\/wp\/v2\/media?parent=12"}],"curies":[{"name":"wp","href":"https:\/\/api.w.org\/{rel}","templated":true}]}}